{"id":1701,"date":"2019-08-13T13:21:55","date_gmt":"2019-08-13T10:21:55","guid":{"rendered":"http:\/\/kitchenproff.directmedia.ee\/?page_id=1701"},"modified":"2019-09-04T17:19:52","modified_gmt":"2019-09-04T14:19:52","slug":"%d0%ba%d0%b0%d0%ba-%d0%b7%d0%b0%d0%ba%d0%b0%d0%b7%d0%b0%d1%82%d1%8c","status":"publish","type":"page","link":"https:\/\/kitchenproff.ee\/ru\/%d0%ba%d0%b0%d0%ba-%d0%b7%d0%b0%d0%ba%d0%b0%d0%b7%d0%b0%d1%82%d1%8c\/","title":{"rendered":"\u041a\u0430\u043a \u0437\u0430\u043a\u0430\u0437\u0430\u0442\u044c"},"content":{"rendered":"<p>[vc_row css=&#8221;.vc_custom_1565698100783{padding-top: 45px !important;padding-bottom: 15px !important;}&#8221;][vc_column][vc_column_text]<\/p>\n<ol class=\"req-list\">\n<li>\u041e\u043f\u0440\u0435\u0434\u0435\u043b\u0438\u0442\u0435 \u043f\u0440\u0438\u043c\u0435\u0440\u043d\u044b\u0435 \u0440\u0430\u0437\u043c\u0435\u0440\u044b \u043c\u0435\u0441\u0442\u0430 \u0434\u043b\u044f \u0431\u0443\u0434\u0443\u0449\u0435\u0439 \u043a\u0443\u0445\u043d\u0438<\/li>\n<li>\u0421\u0444\u043e\u0442\u043e\u0433\u0440\u0430\u0444\u0438\u0440\u0443\u0439\u0442\u0435 \u044d\u0442\u043e \u043c\u0435\u0441\u0442\u043e \u0438\u043b\u0438 \u043f\u0440\u0438\u043b\u043e\u0436\u0438\u0442\u0435 \u0438\u043c\u0435\u044e\u0449\u0438\u0439\u0441\u044f \u043f\u043b\u0430\u043d \u0441 \u0440\u0430\u0437\u043c\u0435\u0440\u0430\u043c\u0438<\/li>\n<li>\u0412 \u043a\u0430\u043a\u043e\u043c \u0441\u0442\u0438\u043b\u0435 \u0412\u044b \u0432\u0438\u0434\u0435\u0442\u0435 \u0441\u0432\u043e\u044e \u0431\u0443\u0434\u0443\u0449\u0443\u044e \u043a\u0443\u0445\u043d\u044e?<\/li>\n<li>\u041f\u0440\u0438\u043b\u043e\u0436\u0438\u0442\u0435 \u0444\u0430\u0439\u043b\u044b, \u0437\u0430\u043f\u043e\u043b\u043d\u044f\u044f \u0444\u043e\u0440\u043c\u0443 \u0437\u0430\u043f\u0440\u043e\u0441\u0430<\/li>\n<\/ol>\n<p>[\/vc_column_text][\/vc_column][\/vc_row][vc_row fullwidth=&#8221;yes&#8221; css=&#8221;.vc_custom_1567150583102{padding-top: 60px !important;padding-bottom: 60px !important;background-image: url(https:\/\/kitchenproff.ee\/wp-content\/uploads\/2015\/07\/bg-21.jpg?id=569) !important;}&#8221; el_class=&#8221;text-light bg-fixed&#8221;][vc_column]\t\n\t<h2 style=\"text-align: center;color: #ffffff;\" > \u042d\u0442\u0430\u043f\u044b \u0417\u0430\u043a\u0430\u0437\u0430 \u041c\u0435\u0431\u0435\u043b\u0438<\/h2>\t\n\t<div class=\" separator\"><span><i class=\"fa fa-circle\"><\/i><\/span><\/div>\n\t<div class=\"spacer-single\"><\/div>\t      \n[\/vc_column][vc_column]\n    <div class=\"de_tab tab_steps tab_7  \">\n        <ul class=\"de_nav process-circle-textonly\">\n\t        \t            <li class=\"active wow fadeIn\" data-wow-delay=\"0.4s\">\n\t\t            \t\t            \t<span class=\"content-mid\"><div class=\"inner\">V\u00f5tke meiega \u00fchendust<\/div><\/span>\n\t\t            \t\t            \n\t\t            <div class=\"v-border\"><\/div>\n\t            <\/li>\n\t            \n\t        \t            <li class=\" wow fadeIn\" data-wow-delay=\"0.8s\">\n\t\t            \t\t            \t<span class=\"content-mid\"><div class=\"inner\">Hinnapakkumine<\/div><\/span>\n\t\t            \t\t            \n\t\t            <div class=\"v-border\"><\/div>\n\t            <\/li>\n\t            \n\t        \t            <li class=\" wow fadeIn\" data-wow-delay=\"1.2s\">\n\t\t            \t\t            \t<span class=\"content-mid\"><div class=\"inner\">Individuaalprojekt<\/div><\/span>\n\t\t            \t\t            \n\t\t            <div class=\"v-border\"><\/div>\n\t            <\/li>\n\t            \n\t        \t            <li class=\" wow fadeIn\" data-wow-delay=\"1.6s\">\n\t\t            \t\t            \t<span class=\"content-mid\"><div class=\"inner\">Ettemaks 50%<\/div><\/span>\n\t\t            \t\t            \n\t\t            <div class=\"v-border\"><\/div>\n\t            <\/li>\n\t            \n\t        \t            <li class=\" wow fadeIn\" data-wow-delay=\"2s\">\n\t\t            \t\t            \t<span class=\"content-mid\"><div class=\"inner\">T\u00e4psed m\u00f5\u00f5tmised objektil<\/div><\/span>\n\t\t            \t\t            \n\t\t            <div class=\"v-border\"><\/div>\n\t            <\/li>\n\t            \n\t        \t            <li class=\" wow fadeIn\" data-wow-delay=\"2.4s\">\n\t\t            \t\t            \t<span class=\"content-mid\"><div class=\"inner\">Valmistamine<\/div><\/span>\n\t\t            \t\t            \n\t\t            <div class=\"v-border\"><\/div>\n\t            <\/li>\n\t            \n\t        \t            <li class=\" wow fadeIn\" data-wow-delay=\"2.8s\">\n\t\t            \t\t            \t<span class=\"content-mid\"><div class=\"inner\">Paigaldus objektil<\/div><\/span>\n\t\t            \t\t            \n\t\t            <div class=\"v-border\"><\/div>\n\t            <\/li>\n\t            \n\t                <\/ul>\n\n        <div class=\"de_tab_content\">\n\t        \t            <div id=\"tab-1974\" class=\"de_tab_content_inner\">\n\t                \t            <\/div>\n\t        \t            <div id=\"tab-1980\" class=\"de_tab_content_inner\">\n\t                \t            <\/div>\n\t        \t            <div id=\"tab-1975\" class=\"de_tab_content_inner\">\n\t                \t            <\/div>\n\t        \t            <div id=\"tab-1979\" class=\"de_tab_content_inner\">\n\t                \t            <\/div>\n\t        \t            <div id=\"tab-1978\" class=\"de_tab_content_inner\">\n\t                \t            <\/div>\n\t        \t            <div id=\"tab-1977\" class=\"de_tab_content_inner\">\n\t                \t            <\/div>\n\t        \t            <div id=\"tab-1976\" class=\"de_tab_content_inner\">\n\t                \t            <\/div>\n\t                <\/div>\n    <\/div>\n\n[\/vc_column][\/vc_row][vc_row css=&#8221;.vc_custom_1565956537417{padding-top: 45px !important;}&#8221;][vc_column width=&#8221;2\/3&#8243;]\t\n\t<h1 style=\"text-align: left;\" > \u0417\u0430\u043f\u0440\u043e\u0441 \u043d\u0430 \u0446\u0435\u043d\u043e\u0432\u043e\u0435 \u043f\u0440\u0435\u0434\u043b\u043e\u0436\u0435\u043d\u0438\u0435<\/h1>\t\n<div role=\"form\" class=\"wpcf7\" id=\"wpcf7-f812-o1\" lang=\"en-US\" dir=\"ltr\">\n<div class=\"screen-reader-response\"><\/div>\n<form action=\"\/ru\/wp-json\/wp\/v2\/pages\/1701\/#wpcf7-f812-o1\" method=\"post\" class=\"wpcf7-form\" enctype=\"multipart\/form-data\" novalidate=\"novalidate\">\n<div style=\"display: none;\">\n<input type=\"hidden\" name=\"_wpcf7\" value=\"812\" \/>\n<input type=\"hidden\" name=\"_wpcf7_version\" value=\"5.1.4\" \/>\n<input type=\"hidden\" name=\"_wpcf7_locale\" value=\"en_US\" \/>\n<input type=\"hidden\" name=\"_wpcf7_unit_tag\" value=\"wpcf7-f812-o1\" \/>\n<input type=\"hidden\" name=\"_wpcf7_container_post\" value=\"0\" \/>\n<\/div>\n<div class=\"row\">\n<div class=\"col-md-12\">\n<h2 style=\"font-size: 22px;\">1. \u041a\u043e\u043d\u0442\u0430\u043a\u0442\u043d\u044b\u0435 \u0434\u0430\u043d\u043d\u044b\u0435<\/h2>\n<div><span class=\"wpcf7-form-control-wrap your-name\"><input type=\"text\" name=\"your-name\" value=\"\" size=\"40\" class=\"wpcf7-form-control wpcf7-text wpcf7-validates-as-required\" aria-required=\"true\" aria-invalid=\"false\" placeholder=\"\u0412\u0430\u0448\u0435 \u0438\u043c\u044f (\u043e\u0431\u044f\u0437\u0430\u0442\u0435\u043b\u044c\u043d\u043e)\" \/><\/span><\/div>\n<div><span class=\"wpcf7-form-control-wrap your-email\"><input type=\"email\" name=\"your-email\" value=\"\" size=\"40\" class=\"wpcf7-form-control wpcf7-text wpcf7-email wpcf7-validates-as-required wpcf7-validates-as-email\" aria-required=\"true\" aria-invalid=\"false\" placeholder=\"\u0412\u0430\u0448 e-mail (\u043e\u0431\u044f\u0437\u0430\u0442\u0435\u043b\u044c\u043d\u043e)\" \/><\/span> <\/div>\n<div><span class=\"wpcf7-form-control-wrap your-tel\"><input type=\"tel\" name=\"your-tel\" value=\"\" size=\"40\" class=\"wpcf7-form-control wpcf7-text wpcf7-tel wpcf7-validates-as-required wpcf7-validates-as-tel\" aria-required=\"true\" aria-invalid=\"false\" placeholder=\"\u0412\u0430\u0448 \u0442\u0435\u043b\u0435\u0444\u043e\u043d\" \/><\/span><\/div>\n<div><span class=\"wpcf7-form-control-wrap your-object\"><input type=\"text\" name=\"your-object\" value=\"\" size=\"40\" class=\"wpcf7-form-control wpcf7-text\" aria-invalid=\"false\" placeholder=\"\u0420\u0430\u0441\u043f\u043e\u043b\u043e\u0436\u0435\u043d\u0438\u0435 \u043e\u0431\u044a\u0435\u043a\u0442\u0430\" \/><\/span><\/div>\n<h2 style=\"font-size: 22px;\">2. \u041c\u0430\u0442\u0435\u0440\u0438\u0430\u043b\u044b<\/h2>\n<h3>\u0424\u0430\u0441\u0430\u0434\u044b<\/h3>\n<div><span class=\"wpcf7-form-control-wrap facades\"><span class=\"wpcf7-form-control wpcf7-checkbox wpcf7-exclusive-checkbox\"><span class=\"wpcf7-list-item first\"><label><input type=\"checkbox\" name=\"facades\" value=\"\u041b\u0430\u043c\u0438\u043d\u0430\u0442 Egger\" \/><span class=\"wpcf7-list-item-label\">\u041b\u0430\u043c\u0438\u043d\u0430\u0442 Egger<\/span><\/label><\/span><span class=\"wpcf7-list-item\"><label><input type=\"checkbox\" name=\"facades\" value=\"\u0410\u043a\u0440\u0438\u043b\u043e\u0432\u044b\u0439 \u043b\u0430\u043c\u0438\u043d\u0430\u0442 Rehau\" \/><span class=\"wpcf7-list-item-label\">\u0410\u043a\u0440\u0438\u043b\u043e\u0432\u044b\u0439 \u043b\u0430\u043c\u0438\u043d\u0430\u0442 Rehau<\/span><\/label><\/span><span class=\"wpcf7-list-item\"><label><input type=\"checkbox\" name=\"facades\" value=\"MDF \u043c\u0430\u0442\u043e\u0432\u044b\u0439\" \/><span class=\"wpcf7-list-item-label\">MDF \u043c\u0430\u0442\u043e\u0432\u044b\u0439<\/span><\/label><\/span><span class=\"wpcf7-list-item\"><label><input type=\"checkbox\" name=\"facades\" value=\"MDF \u0433\u043b\u044f\u043d\u0435\u0446\" \/><span class=\"wpcf7-list-item-label\">MDF \u0433\u043b\u044f\u043d\u0435\u0446<\/span><\/label><\/span><span class=\"wpcf7-list-item\"><label><input type=\"checkbox\" name=\"facades\" value=\"\u041d\u0430\u0442\u0443\u0440\u0430\u043b\u044c\u043d\u043e\u0435 \u0434\u0435\u0440\u0435\u0432\u043e\" \/><span class=\"wpcf7-list-item-label\">\u041d\u0430\u0442\u0443\u0440\u0430\u043b\u044c\u043d\u043e\u0435 \u0434\u0435\u0440\u0435\u0432\u043e<\/span><\/label><\/span><span class=\"wpcf7-list-item last\"><label><input type=\"checkbox\" name=\"facades\" value=\"\u041d\u0430\u0442\u0443\u0440\u0430\u043b\u044c\u043d\u044b\u0439 \u0448\u043f\u043e\u043d\" \/><span class=\"wpcf7-list-item-label\">\u041d\u0430\u0442\u0443\u0440\u0430\u043b\u044c\u043d\u044b\u0439 \u0448\u043f\u043e\u043d<\/span><\/label><\/span><\/span><\/span><\/div>\n<h3>\u0421\u0442\u043e\u043b\u0435\u0448\u043d\u0438\u0446\u0430<\/h3>\n<div><span class=\"wpcf7-form-control-wrap table\"><span class=\"wpcf7-form-control wpcf7-checkbox wpcf7-exclusive-checkbox\"><span class=\"wpcf7-list-item first\"><label><input type=\"checkbox\" name=\"table\" value=\"\u041b\u0430\u043c\u0438\u043d\u0438\u0440\u043e\u0432\u0430\u043d\u043d\u0430\u044f \u043f\u043e\u0432\u0435\u0440\u0445\u043d\u043e\u0441\u0442\u044c Egger\" \/><span class=\"wpcf7-list-item-label\">\u041b\u0430\u043c\u0438\u043d\u0438\u0440\u043e\u0432\u0430\u043d\u043d\u0430\u044f \u043f\u043e\u0432\u0435\u0440\u0445\u043d\u043e\u0441\u0442\u044c Egger<\/span><\/label><\/span><span class=\"wpcf7-list-item\"><label><input type=\"checkbox\" name=\"table\" value=\"\u0413\u0440\u0430\u043d\u0438\u0442\" \/><span class=\"wpcf7-list-item-label\">\u0413\u0440\u0430\u043d\u0438\u0442<\/span><\/label><\/span><span class=\"wpcf7-list-item\"><label><input type=\"checkbox\" name=\"table\" value=\"\u041c\u0440\u0430\u043c\u043e\u0440\" \/><span class=\"wpcf7-list-item-label\">\u041c\u0440\u0430\u043c\u043e\u0440<\/span><\/label><\/span><span class=\"wpcf7-list-item\"><label><input type=\"checkbox\" name=\"table\" value=\"\u041a\u0432\u0430\u0440\u0446 Technistone, Silestone\" \/><span class=\"wpcf7-list-item-label\">\u041a\u0432\u0430\u0440\u0446 Technistone, Silestone<\/span><\/label><\/span><span class=\"wpcf7-list-item\"><label><input type=\"checkbox\" name=\"table\" value=\"\u041a\u0435\u0440\u0430\u043c\u0438\u043a\u0430 Dekton\" \/><span class=\"wpcf7-list-item-label\">\u041a\u0435\u0440\u0430\u043c\u0438\u043a\u0430 Dekton<\/span><\/label><\/span><span class=\"wpcf7-list-item last\"><label><input type=\"checkbox\" name=\"table\" value=\"\u0414\u0435\u0440\u0435\u0432\u043e\" \/><span class=\"wpcf7-list-item-label\">\u0414\u0435\u0440\u0435\u0432\u043e<\/span><\/label><\/span><\/span><\/span><\/div>\n<h3>\u041a\u0430\u0440\u043a\u0430\u0441<\/h3>\n<div><span class=\"wpcf7-form-control-wrap frame\"><span class=\"wpcf7-form-control wpcf7-checkbox wpcf7-exclusive-checkbox\"><span class=\"wpcf7-list-item first last\"><label><input type=\"checkbox\" name=\"frame\" value=\"\u041c\u0435\u043b\u0430\u043c\u0438\u043d Egger\" \/><span class=\"wpcf7-list-item-label\">\u041c\u0435\u043b\u0430\u043c\u0438\u043d Egger<\/span><\/label><\/span><\/span><\/span><\/div>\n<h3>\u0424\u0430\u0440\u0442\u0443\u043a<\/h3>\n<div><span class=\"wpcf7-form-control-wrap fapron\"><span class=\"wpcf7-form-control wpcf7-checkbox wpcf7-exclusive-checkbox\"><span class=\"wpcf7-list-item first\"><label><input type=\"checkbox\" name=\"fapron\" value=\"\u041b\u0430\u043c\u0438\u043d\u0430\u0442 Egger\" \/><span class=\"wpcf7-list-item-label\">\u041b\u0430\u043c\u0438\u043d\u0430\u0442 Egger<\/span><\/label><\/span><span class=\"wpcf7-list-item\"><label><input type=\"checkbox\" name=\"fapron\" value=\"\u0421\u0442\u0435\u043a\u043b\u043e\" \/><span class=\"wpcf7-list-item-label\">\u0421\u0442\u0435\u043a\u043b\u043e<\/span><\/label><\/span><span class=\"wpcf7-list-item last\"><label><input type=\"checkbox\" name=\"fapron\" value=\"\u041a\u0432\u0430\u0440\u0446\" \/><span class=\"wpcf7-list-item-label\">\u041a\u0432\u0430\u0440\u0446<\/span><\/label><\/span><\/span><\/span><\/div>\n<h2 style=\"font-size: 22px;\">3. \u0414\u043e\u0431\u0430\u0432\u0438\u0442\u044c \u043a\u043e\u043c\u043c\u0435\u043d\u0442\u0430\u0440\u0438\u0439<\/h2>\n<div><span class=\"wpcf7-form-control-wrap your-message\"><textarea name=\"your-message\" cols=\"40\" rows=\"10\" class=\"wpcf7-form-control wpcf7-textarea wpcf7-validates-as-required\" aria-required=\"true\" aria-invalid=\"false\" placeholder=\"\u0412\u0430\u0448 \u043a\u043e\u043c\u043c\u0435\u043d\u0442\u0430\u0440\u0438\u0439\"><\/textarea><\/span><\/div>\n<h2 style=\"font-size: 22px;\">4. \u041f\u0440\u0438\u043a\u0440\u0435\u043f\u0438\u0442\u0435 \u0444\u0430\u0439\u043b \u043f\u043b\u0430\u043d\u0430 \u043a\u0443\u0445\u043d\u0438<\/h2>\n<div><span class=\"wpcf7-form-control-wrap file-1\"><input type=\"file\" name=\"file-1\" size=\"40\" class=\"wpcf7-form-control wpcf7-file\" accept=\".jpg,.jpeg,.png,.gif,.pdf,.doc,.docx,.ppt,.pptx,.odt,.avi,.ogg,.m4a,.mov,.mp3,.mp4,.mpg,.wav,.wmv\" aria-invalid=\"false\" \/><\/span><\/div>\n<div><span class=\"wpcf7-form-control-wrap file-2\"><input type=\"file\" name=\"file-2\" size=\"40\" class=\"wpcf7-form-control wpcf7-file\" accept=\".jpg,.jpeg,.png,.gif,.pdf,.doc,.docx,.ppt,.pptx,.odt,.avi,.ogg,.m4a,.mov,.mp3,.mp4,.mpg,.wav,.wmv\" aria-invalid=\"false\" \/><\/span><\/div>\n<div><span class=\"wpcf7-form-control-wrap file-3\"><input type=\"file\" name=\"file-3\" size=\"40\" class=\"wpcf7-form-control wpcf7-file\" accept=\".jpg,.jpeg,.png,.gif,.pdf,.doc,.docx,.ppt,.pptx,.odt,.avi,.ogg,.m4a,.mov,.mp3,.mp4,.mpg,.wav,.wmv\" aria-invalid=\"false\" \/><\/span><\/div>\n<div>\n<p id=\"submit\"><input type=\"submit\" value=\"\u041e\u0442\u043f\u0440\u0430\u0432\u0438\u0442\u044c \u0437\u0430\u043f\u0440\u043e\u0441\" class=\"wpcf7-form-control wpcf7-submit btn btn-line\" \/><\/p>\n<\/div>\n<\/div>\n<\/div>\n<div class=\"wpcf7-response-output wpcf7-display-none\"><\/div><\/form><\/div>[\/vc_column][vc_column width=&#8221;1\/3&#8243;][vc_column_text]\u041d\u0430\u0448 \u043f\u0430\u0440\u0442\u043d\u0451\u0440 Holm Bank AS \u043f\u0440\u0435\u0434\u043b\u0430\u0433\u0430\u0435\u0442 \u0440\u0430\u0441\u0441\u0440\u043e\u0447\u043a\u0443 <strong>Liisi j\u00e4relmaks<\/strong>[\/vc_column_text][vc_column_text]<iframe loading=\"lazy\" src=\"https:\/\/holmbank.ee\/iframekalkulaator\/calc-rus.php\" width=\"100%\" height=\"500px\" frameborder=\"no\" scrolling=\"no\" align=\"center\"><\/iframe>[\/vc_column_text]\t\n\t<h2 style=\"text-align: left;\" > \u041f\u043e\u043b\u0435\u0437\u043d\u043e \u0437\u043d\u0430\u0442\u044c:<\/h2>\t\n[vc_column_text]<\/p>\n<ul class=\"extra-info\">\n<li><img decoding=\"async\" src=\"\/wp-content\/uploads\/2019\/09\/egger-small-1.png\" \/> \u041a\u0430\u0442\u0430\u043b\u043e\u0433 EGGER &#8211; <a href=\"https:\/\/www.egger.com\/shop\/en_LT\/inspiration\/design-guide\" target=\"blank\" rel=\"noopener noreferrer\">\u0423\u0437\u043d\u0430\u0442\u044c \u0431\u043e\u043b\u044c\u0448\u0435<\/a><\/li>\n<li><img decoding=\"async\" src=\"\/wp-content\/uploads\/2019\/09\/blum-small.png\" \/> \u0418\u0434\u0435\u0438 \u0434\u043b\u044f \u0444\u0443\u043d\u043a\u0446\u0438\u043e\u043d\u0430\u043b\u044c\u043d\u043e\u0439 \u043a\u0443\u0445\u043d\u0438 \u043e\u0442 BLUM &#8211; <a href=\"https:\/\/www.blum.com\/ru\/ru\/ideas\/overview\" target=\"blank\" rel=\"noopener noreferrer\">\u0423\u0437\u043d\u0430\u0442\u044c \u0431\u043e\u043b\u044c\u0448\u0435<\/a><\/li>\n<li>\u0412\u044b\u0441\u043e\u043a\u043e\u043a\u0430\u0447\u0435\u0441\u0442\u0432\u0435\u043d\u043d\u044b\u0435 \u0441\u0438\u0441\u0442\u0435\u043c\u044b \u043f\u043e \u043e\u0447\u0438\u0441\u0442\u043a\u0435 \u043f\u0438\u0442\u044c\u0435\u0432\u043e\u0439 \u0432\u043e\u0434\u044b &#8211; <a href=\"https:\/\/waterpro.ee\/ru\/\" target=\"blank\" rel=\"noopener noreferrer\">\u0423\u0437\u043d\u0430\u0442\u044c \u0431\u043e\u043b\u044c\u0448\u0435<\/a><\/li>\n<\/ul>\n<p>[\/vc_column_text][\/vc_column][\/vc_row][vc_row][vc_column][vc_column_text]<\/p>\n<p>[\/vc_column_text][\/vc_column][\/vc_row]<\/p>\n","protected":false},"excerpt":{"rendered":"<p>[vc_row css=&#8221;.vc_custom_1565698100783{padding-top: 45px !important;padding-bottom: 15px !important;}&#8221;][vc_column][vc_column_text] \u041e\u043f\u0440\u0435\u0434\u0435\u043b\u0438\u0442\u0435 \u043f\u0440\u0438\u043c\u0435\u0440\u043d\u044b\u0435 \u0440\u0430\u0437\u043c\u0435\u0440\u044b \u043c\u0435\u0441\u0442\u0430 \u0434\u043b\u044f \u0431\u0443\u0434\u0443\u0449\u0435\u0439 \u043a\u0443\u0445\u043d\u0438 \u0421\u0444\u043e\u0442\u043e\u0433\u0440\u0430\u0444\u0438\u0440\u0443\u0439\u0442\u0435 \u044d\u0442\u043e \u043c\u0435\u0441\u0442\u043e \u0438\u043b\u0438 \u043f\u0440\u0438\u043b\u043e\u0436\u0438\u0442\u0435 \u0438\u043c\u0435\u044e\u0449\u0438\u0439\u0441\u044f \u043f\u043b\u0430\u043d \u0441 \u0440\u0430\u0437\u043c\u0435\u0440\u0430\u043c\u0438 \u0412 \u043a\u0430\u043a\u043e\u043c \u0441\u0442\u0438\u043b\u0435 \u0412\u044b \u0432\u0438\u0434\u0435\u0442\u0435 \u0441\u0432\u043e\u044e \u0431\u0443\u0434\u0443\u0449\u0443\u044e \u043a\u0443\u0445\u043d\u044e? \u041f\u0440\u0438\u043b\u043e\u0436\u0438\u0442\u0435 \u0444\u0430\u0439\u043b\u044b, \u0437\u0430\u043f\u043e\u043b\u043d\u044f\u044f \u0444\u043e\u0440\u043c\u0443 \u0437\u0430\u043f\u0440\u043e\u0441\u0430 [\/vc_column_text][\/vc_column][\/vc_row][vc_row fullwidth=&#8221;yes&#8221; css=&#8221;.vc_custom_1567150583102{padding-top: 60px !important;padding-bottom: 60px !important;background-image: url(https:\/\/kitchenproff.ee\/wp-content\/uploads\/2015\/07\/bg-21.jpg?id=569) !important;}&#8221; el_class=&#8221;text-light bg-fixed&#8221;][vc_column][\/vc_column][vc_column][\/vc_column][\/vc_row][vc_row css=&#8221;.vc_custom_1565956537417{padding-top: 45px !important;}&#8221;][vc_column width=&#8221;2\/3&#8243;][\/vc_column][vc_column width=&#8221;1\/3&#8243;][vc_column_text]\u041d\u0430\u0448 \u043f\u0430\u0440\u0442\u043d\u0451\u0440 Holm Bank AS [&hellip;]<\/p>\n","protected":false},"author":1,"featured_media":0,"parent":0,"menu_order":0,"comment_status":"closed","ping_status":"closed","template":"page-templates\/template-fullwidth.php","meta":{"_monsterinsights_skip_tracking":false,"_monsterinsights_sitenote_active":false,"_monsterinsights_sitenote_note":"","_monsterinsights_sitenote_category":0,"footnotes":""},"yst_prominent_words":[],"_links":{"self":[{"href":"https:\/\/kitchenproff.ee\/ru\/wp-json\/wp\/v2\/pages\/1701\/"}],"collection":[{"href":"https:\/\/kitchenproff.ee\/ru\/wp-json\/wp\/v2\/pages\/"}],"about":[{"href":"https:\/\/kitchenproff.ee\/ru\/wp-json\/wp\/v2\/types\/page\/"}],"author":[{"embeddable":true,"href":"https:\/\/kitchenproff.ee\/ru\/wp-json\/wp\/v2\/users\/1\/"}],"replies":[{"embeddable":true,"href":"https:\/\/kitchenproff.ee\/ru\/wp-json\/wp\/v2\/comments\/?post=1701"}],"version-history":[{"count":35,"href":"https:\/\/kitchenproff.ee\/ru\/wp-json\/wp\/v2\/pages\/1701\/revisions\/"}],"predecessor-version":[{"id":2133,"href":"https:\/\/kitchenproff.ee\/ru\/wp-json\/wp\/v2\/pages\/1701\/revisions\/2133\/"}],"wp:attachment":[{"href":"https:\/\/kitchenproff.ee\/ru\/wp-json\/wp\/v2\/media\/?parent=1701"}],"wp:term":[{"taxonomy":"yst_prominent_words","embeddable":true,"href":"https:\/\/kitchenproff.ee\/ru\/wp-json\/wp\/v2\/yst_prominent_words\/?post=1701"}],"curies":[{"name":"wp","href":"https:\/\/api.w.org\/{rel}","templated":true}]}}