{"id":2079,"date":"2019-08-13T13:21:55","date_gmt":"2019-08-13T10:21:55","guid":{"rendered":"http:\/\/kitchenproff.directmedia.ee\/kuidas-tellida\/"},"modified":"2020-02-15T10:19:54","modified_gmt":"2020-02-15T08:19:54","slug":"how-to-order","status":"publish","type":"page","link":"https:\/\/kitchenproff.ee\/en\/how-to-order\/","title":{"rendered":"How to order"},"content":{"rendered":"<p>[vc_row css=&#8221;.vc_custom_1565698100783{padding-top: 45px !important;padding-bottom: 15px !important;}&#8221;][vc_column][vc_column_text]<\/p>\n<ol class=\"req-list\">\n<li>Confirm an approximate size of the space for the future kitchen<\/li>\n<li>Take a picture of this space or provide an existing plan with the measurements<\/li>\n<li>In which style do you see your future kitchen?<\/li>\n<li>Add files while completing an inquiry form<\/li>\n<\/ol>\n<p>[\/vc_column_text][\/vc_column][\/vc_row][vc_row fullwidth=&#8221;yes&#8221; css=&#8221;.vc_custom_1567150521439{padding-top: 60px !important;padding-bottom: 60px !important;background-image: url(https:\/\/kitchenproff.ee\/wp-content\/uploads\/2015\/10\/bg-2.jpg?id=1555) !important;}&#8221; el_class=&#8221;text-light bg-fixed&#8221;][vc_column]\t\n\t<h2 style=\"text-align: center;color: #ffffff;\" > Furniture ordering steps<\/h2>\t\n\t<div class=\" separator\"><span><i class=\"fa fa-circle\"><\/i><\/span><\/div>\n\t<div class=\"spacer-single\"><\/div>\t      \n[\/vc_column][vc_column]\n    <div class=\"de_tab tab_steps tab_7  \">\n        <ul class=\"de_nav process-circle-textonly\">\n\t        \t            <li class=\"active wow fadeIn\" data-wow-delay=\"0.4s\">\n\t\t            \t\t            \t<span class=\"content-mid\"><div class=\"inner\">V\u00f5tke meiega \u00fchendust<\/div><\/span>\n\t\t            \t\t            \n\t\t            <div class=\"v-border\"><\/div>\n\t            <\/li>\n\t            \n\t        \t            <li class=\" wow fadeIn\" data-wow-delay=\"0.8s\">\n\t\t            \t\t            \t<span class=\"content-mid\"><div class=\"inner\">Hinnapakkumine<\/div><\/span>\n\t\t            \t\t            \n\t\t            <div class=\"v-border\"><\/div>\n\t            <\/li>\n\t            \n\t        \t            <li class=\" wow fadeIn\" data-wow-delay=\"1.2s\">\n\t\t            \t\t            \t<span class=\"content-mid\"><div class=\"inner\">Individuaalprojekt<\/div><\/span>\n\t\t            \t\t            \n\t\t            <div class=\"v-border\"><\/div>\n\t            <\/li>\n\t            \n\t        \t            <li class=\" wow fadeIn\" data-wow-delay=\"1.6s\">\n\t\t            \t\t            \t<span class=\"content-mid\"><div class=\"inner\">Ettemaks 50%<\/div><\/span>\n\t\t            \t\t            \n\t\t            <div class=\"v-border\"><\/div>\n\t            <\/li>\n\t            \n\t        \t            <li class=\" wow fadeIn\" data-wow-delay=\"2s\">\n\t\t            \t\t            \t<span class=\"content-mid\"><div class=\"inner\">T\u00e4psed m\u00f5\u00f5tmised objektil<\/div><\/span>\n\t\t            \t\t            \n\t\t            <div class=\"v-border\"><\/div>\n\t            <\/li>\n\t            \n\t        \t            <li class=\" wow fadeIn\" data-wow-delay=\"2.4s\">\n\t\t            \t\t            \t<span class=\"content-mid\"><div class=\"inner\">Valmistamine<\/div><\/span>\n\t\t            \t\t            \n\t\t            <div class=\"v-border\"><\/div>\n\t            <\/li>\n\t            \n\t        \t            <li class=\" wow fadeIn\" data-wow-delay=\"2.8s\">\n\t\t            \t\t            \t<span class=\"content-mid\"><div class=\"inner\">Paigaldus objektil<\/div><\/span>\n\t\t            \t\t            \n\t\t            <div class=\"v-border\"><\/div>\n\t            <\/li>\n\t            \n\t                <\/ul>\n\n        <div class=\"de_tab_content\">\n\t        \t            <div id=\"tab-1974\" class=\"de_tab_content_inner\">\n\t                \t            <\/div>\n\t        \t            <div id=\"tab-1980\" class=\"de_tab_content_inner\">\n\t                \t            <\/div>\n\t        \t            <div id=\"tab-1975\" class=\"de_tab_content_inner\">\n\t                \t            <\/div>\n\t        \t            <div id=\"tab-1979\" class=\"de_tab_content_inner\">\n\t                \t            <\/div>\n\t        \t            <div id=\"tab-1978\" class=\"de_tab_content_inner\">\n\t                \t            <\/div>\n\t        \t            <div id=\"tab-1977\" class=\"de_tab_content_inner\">\n\t                \t            <\/div>\n\t        \t            <div id=\"tab-1976\" class=\"de_tab_content_inner\">\n\t                \t            <\/div>\n\t                <\/div>\n    <\/div>\n\n[\/vc_column][\/vc_row][vc_row css=&#8221;.vc_custom_1565956537417{padding-top: 45px !important;}&#8221;][vc_column width=&#8221;2\/3&#8243;]\t\n\t<h1 style=\"text-align: left;\" > Request for quote<\/h1>\t\n<div role=\"form\" class=\"wpcf7\" id=\"wpcf7-f2022-o1\" lang=\"en-US\" dir=\"ltr\">\n<div class=\"screen-reader-response\"><\/div>\n<form action=\"\/en\/wp-json\/wp\/v2\/pages\/2079\/#wpcf7-f2022-o1\" method=\"post\" class=\"wpcf7-form\" enctype=\"multipart\/form-data\" novalidate=\"novalidate\">\n<div style=\"display: none;\">\n<input type=\"hidden\" name=\"_wpcf7\" value=\"2022\" \/>\n<input type=\"hidden\" name=\"_wpcf7_version\" value=\"5.1.4\" \/>\n<input type=\"hidden\" name=\"_wpcf7_locale\" value=\"en_US\" \/>\n<input type=\"hidden\" name=\"_wpcf7_unit_tag\" value=\"wpcf7-f2022-o1\" \/>\n<input type=\"hidden\" name=\"_wpcf7_container_post\" value=\"0\" \/>\n<\/div>\n<div class=\"row\">\n<div class=\"col-md-12\">\n<h2 style=\"font-size: 22px;\">1. Contact details<\/h2>\n<div><span class=\"wpcf7-form-control-wrap your-name\"><input type=\"text\" name=\"your-name\" value=\"\" size=\"40\" class=\"wpcf7-form-control wpcf7-text wpcf7-validates-as-required\" aria-required=\"true\" aria-invalid=\"false\" placeholder=\"Your name (required)\" \/><\/span><\/div>\n<div><span class=\"wpcf7-form-control-wrap your-email\"><input type=\"email\" name=\"your-email\" value=\"\" size=\"40\" class=\"wpcf7-form-control wpcf7-text wpcf7-email wpcf7-validates-as-required wpcf7-validates-as-email\" aria-required=\"true\" aria-invalid=\"false\" placeholder=\"Your email (required)\" \/><\/span> <\/div>\n<div><span class=\"wpcf7-form-control-wrap your-tel\"><input type=\"tel\" name=\"your-tel\" value=\"\" size=\"40\" class=\"wpcf7-form-control wpcf7-text wpcf7-tel wpcf7-validates-as-required wpcf7-validates-as-tel\" aria-required=\"true\" aria-invalid=\"false\" placeholder=\"Your phone\" \/><\/span><\/div>\n<div><span class=\"wpcf7-form-control-wrap your-object\"><input type=\"text\" name=\"your-object\" value=\"\" size=\"40\" class=\"wpcf7-form-control wpcf7-text\" aria-invalid=\"false\" placeholder=\"Property location\" \/><\/span><\/div>\n<h2 style=\"font-size: 22px;\">2. Materials<\/h2>\n<h3>Doors<\/h3>\n<div><span class=\"wpcf7-form-control-wrap facades\"><span class=\"wpcf7-form-control wpcf7-checkbox wpcf7-exclusive-checkbox\"><span class=\"wpcf7-list-item first\"><label><input type=\"checkbox\" name=\"facades\" value=\"Laminate Egger\" \/><span class=\"wpcf7-list-item-label\">Laminate Egger<\/span><\/label><\/span><span class=\"wpcf7-list-item\"><label><input type=\"checkbox\" name=\"facades\" value=\"Acryl Rehau\" \/><span class=\"wpcf7-list-item-label\">Acryl Rehau<\/span><\/label><\/span><span class=\"wpcf7-list-item\"><label><input type=\"checkbox\" name=\"facades\" value=\"MDF matte\" \/><span class=\"wpcf7-list-item-label\">MDF matte<\/span><\/label><\/span><span class=\"wpcf7-list-item\"><label><input type=\"checkbox\" name=\"facades\" value=\"MDF glossy\" \/><span class=\"wpcf7-list-item-label\">MDF glossy<\/span><\/label><\/span><span class=\"wpcf7-list-item\"><label><input type=\"checkbox\" name=\"facades\" value=\"Natural wood\" \/><span class=\"wpcf7-list-item-label\">Natural wood<\/span><\/label><\/span><span class=\"wpcf7-list-item last\"><label><input type=\"checkbox\" name=\"facades\" value=\"Natural veneer\" \/><span class=\"wpcf7-list-item-label\">Natural veneer<\/span><\/label><\/span><\/span><\/span><\/div>\n<h3>Worktop<\/h3>\n<div><span class=\"wpcf7-form-control-wrap table\"><span class=\"wpcf7-form-control wpcf7-checkbox wpcf7-exclusive-checkbox\"><span class=\"wpcf7-list-item first\"><label><input type=\"checkbox\" name=\"table\" value=\"Laminates surface Egger\" \/><span class=\"wpcf7-list-item-label\">Laminates surface Egger<\/span><\/label><\/span><span class=\"wpcf7-list-item\"><label><input type=\"checkbox\" name=\"table\" value=\"Granite\" \/><span class=\"wpcf7-list-item-label\">Granite<\/span><\/label><\/span><span class=\"wpcf7-list-item\"><label><input type=\"checkbox\" name=\"table\" value=\"Marble\" \/><span class=\"wpcf7-list-item-label\">Marble<\/span><\/label><\/span><span class=\"wpcf7-list-item\"><label><input type=\"checkbox\" name=\"table\" value=\"Quartz Technistone, Silestone\" \/><span class=\"wpcf7-list-item-label\">Quartz Technistone, Silestone<\/span><\/label><\/span><span class=\"wpcf7-list-item\"><label><input type=\"checkbox\" name=\"table\" value=\"Ceramic Dekton\" \/><span class=\"wpcf7-list-item-label\">Ceramic Dekton<\/span><\/label><\/span><span class=\"wpcf7-list-item last\"><label><input type=\"checkbox\" name=\"table\" value=\"Solid wood\" \/><span class=\"wpcf7-list-item-label\">Solid wood<\/span><\/label><\/span><\/span><\/span><\/div>\n<h3>Carcass<\/h3>\n<div><span class=\"wpcf7-form-control-wrap frame\"><span class=\"wpcf7-form-control wpcf7-checkbox wpcf7-exclusive-checkbox\"><span class=\"wpcf7-list-item first last\"><label><input type=\"checkbox\" name=\"frame\" value=\"Melamine faced chipboard Egger\" \/><span class=\"wpcf7-list-item-label\">Melamine faced chipboard Egger<\/span><\/label><\/span><\/span><\/span><\/div>\n<h3>Splashback<\/h3>\n<div><span class=\"wpcf7-form-control-wrap fapron\"><span class=\"wpcf7-form-control wpcf7-checkbox wpcf7-exclusive-checkbox\"><span class=\"wpcf7-list-item first\"><label><input type=\"checkbox\" name=\"fapron\" value=\"Laminate Egger\" \/><span class=\"wpcf7-list-item-label\">Laminate Egger<\/span><\/label><\/span><span class=\"wpcf7-list-item\"><label><input type=\"checkbox\" name=\"fapron\" value=\"Glass\" \/><span class=\"wpcf7-list-item-label\">Glass<\/span><\/label><\/span><span class=\"wpcf7-list-item last\"><label><input type=\"checkbox\" name=\"fapron\" value=\"Quartz\" \/><span class=\"wpcf7-list-item-label\">Quartz<\/span><\/label><\/span><\/span><\/span><\/div>\n<h2 style=\"font-size: 22px;\">3. Add a comment<\/h2>\n<div><span class=\"wpcf7-form-control-wrap your-message\"><textarea name=\"your-message\" cols=\"40\" rows=\"10\" class=\"wpcf7-form-control wpcf7-textarea wpcf7-validates-as-required\" aria-required=\"true\" aria-invalid=\"false\" placeholder=\"Your comment\"><\/textarea><\/span><\/div>\n<h2 style=\"font-size: 22px;\">4. Attach a kitchen plan file<\/h2>\n<div><span class=\"wpcf7-form-control-wrap file-666\"><input type=\"file\" name=\"file-666\" size=\"40\" class=\"wpcf7-form-control wpcf7-file\" accept=\".jpg,.jpeg,.png,.gif,.pdf,.doc,.docx,.ppt,.pptx,.odt,.avi,.ogg,.m4a,.mov,.mp3,.mp4,.mpg,.wav,.wmv\" aria-invalid=\"false\" \/><\/span><\/div>\n<div><span class=\"wpcf7-form-control-wrap file-667\"><input type=\"file\" name=\"file-667\" size=\"40\" class=\"wpcf7-form-control wpcf7-file\" accept=\".jpg,.jpeg,.png,.gif,.pdf,.doc,.docx,.ppt,.pptx,.odt,.avi,.ogg,.m4a,.mov,.mp3,.mp4,.mpg,.wav,.wmv\" aria-invalid=\"false\" \/><\/span><\/div>\n<div><span class=\"wpcf7-form-control-wrap file-668\"><input type=\"file\" name=\"file-668\" size=\"40\" class=\"wpcf7-form-control wpcf7-file\" accept=\".jpg,.jpeg,.png,.gif,.pdf,.doc,.docx,.ppt,.pptx,.odt,.avi,.ogg,.m4a,.mov,.mp3,.mp4,.mpg,.wav,.wmv\" aria-invalid=\"false\" \/><\/span><\/div>\n<div>\n<p id=\"submit\"><input type=\"submit\" value=\"Send inquiry\" class=\"wpcf7-form-control wpcf7-submit btn btn-line\" \/><\/p>\n<\/div>\n<\/div>\n<\/div>\n<div class=\"wpcf7-response-output wpcf7-display-none\"><\/div><\/form><\/div>[\/vc_column][vc_column width=&#8221;1\/3&#8243;][vc_column_text]Our partner Holm Bank As offers instalment finance <strong>Liisi J\u00e4relmaks<\/strong>[\/vc_column_text][vc_column_text]<iframe loading=\"lazy\" src=\"https:\/\/holmbank.ee\/iframekalkulaator\/calc-eng.php\" width=\"100%\" height=\"500px\" frameborder=\"no\" scrolling=\"no\" align=\"center\"><\/iframe>[\/vc_column_text]\t\n\t<h2 style=\"text-align: left;\" > Good to know:<\/h2>\t\n[vc_column_text]<\/p>\n<ul class=\"extra-info\">\n<li><img decoding=\"async\" src=\"\/wp-content\/uploads\/2019\/09\/egger-small-1.png\" \/> EGGER catalogue &#8211; <a href=\"https:\/\/www.egger.com\/shop\/en_LT\/inspiration\/design-guide\" target=\"blank\" rel=\"noopener noreferrer\">View more<\/a><\/li>\n<li><img decoding=\"async\" src=\"\/wp-content\/uploads\/2019\/09\/blum-small.png\" \/> Ideas for a functional kitchen from BLUM &#8211; <a href=\"https:\/\/www.blum.com\/eu\/en\/ideas\/cabinet-solutions-6grid\/\" target=\"blank\" rel=\"noopener noreferrer\">View more<\/a><\/li>\n<li>Good quality systems for drinking water purification &#8211; <a href=\"https:\/\/waterpro.ee\/\" target=\"blank\" rel=\"noopener noreferrer\">View more<\/a><\/li>\n<\/ul>\n<p>[\/vc_column_text][\/vc_column][\/vc_row][vc_row][vc_column][vc_column_text]<\/p>\n<p>[\/vc_column_text][\/vc_column][\/vc_row]<\/p>\n","protected":false},"excerpt":{"rendered":"<p>[vc_row css=&#8221;.vc_custom_1565698100783{padding-top: 45px !important;padding-bottom: 15px !important;}&#8221;][vc_column][vc_column_text] Confirm an approximate size of the space for the future kitchen Take a picture of this space or provide an existing plan with the measurements In which style do you see your future kitchen? Add files while completing an inquiry form [\/vc_column_text][\/vc_column][\/vc_row][vc_row fullwidth=&#8221;yes&#8221; css=&#8221;.vc_custom_1567150521439{padding-top: 60px !important;padding-bottom: 60px !important;background-image: url(https:\/\/kitchenproff.ee\/wp-content\/uploads\/2015\/10\/bg-2.jpg?id=1555) [&hellip;]<\/p>\n","protected":false},"author":1,"featured_media":0,"parent":0,"menu_order":0,"comment_status":"closed","ping_status":"closed","template":"page-templates\/template-fullwidth.php","meta":{"_monsterinsights_skip_tracking":false,"_monsterinsights_sitenote_active":false,"_monsterinsights_sitenote_note":"","_monsterinsights_sitenote_category":0,"footnotes":""},"yst_prominent_words":[],"_links":{"self":[{"href":"https:\/\/kitchenproff.ee\/en\/wp-json\/wp\/v2\/pages\/2079\/"}],"collection":[{"href":"https:\/\/kitchenproff.ee\/en\/wp-json\/wp\/v2\/pages\/"}],"about":[{"href":"https:\/\/kitchenproff.ee\/en\/wp-json\/wp\/v2\/types\/page\/"}],"author":[{"embeddable":true,"href":"https:\/\/kitchenproff.ee\/en\/wp-json\/wp\/v2\/users\/1\/"}],"replies":[{"embeddable":true,"href":"https:\/\/kitchenproff.ee\/en\/wp-json\/wp\/v2\/comments\/?post=2079"}],"version-history":[{"count":8,"href":"https:\/\/kitchenproff.ee\/en\/wp-json\/wp\/v2\/pages\/2079\/revisions\/"}],"predecessor-version":[{"id":2348,"href":"https:\/\/kitchenproff.ee\/en\/wp-json\/wp\/v2\/pages\/2079\/revisions\/2348\/"}],"wp:attachment":[{"href":"https:\/\/kitchenproff.ee\/en\/wp-json\/wp\/v2\/media\/?parent=2079"}],"wp:term":[{"taxonomy":"yst_prominent_words","embeddable":true,"href":"https:\/\/kitchenproff.ee\/en\/wp-json\/wp\/v2\/yst_prominent_words\/?post=2079"}],"curies":[{"name":"wp","href":"https:\/\/api.w.org\/{rel}","templated":true}]}}