{"id":2070,"date":"2016-01-28T09:47:53","date_gmt":"2016-01-28T07:47:53","guid":{"rendered":"http:\/\/kitchenproff.directmedia.ee\/meie-teenused\/"},"modified":"2020-02-14T21:20:31","modified_gmt":"2020-02-14T19:20:31","slug":"our-services","status":"publish","type":"page","link":"https:\/\/kitchenproff.ee\/en\/our-services\/","title":{"rendered":"Our services"},"content":{"rendered":"<p>[vc_row css=&#8221;.vc_custom_1453975735934{padding-top: 90px !important;padding-bottom: 30px !important;}&#8221;][vc_column]<div id=\"services-masonry\" class=\"masonry row\">\n\t\n\t<div class=\"col-md-4 item\">\n\t\t\n\t\t\t\t\t\n\t\t\t<h3>M\u00f6\u00f6bli paigaldus<\/h3>\n\t\t\t<p>Lepime kliendiga kokku mugava p\u00e4eva m\u00f6\u00f6bli paigaldamise alustamiseks ja m\u00f6\u00f6bli tarnimiseks objektile. S\u00f5ltuvalt projekti mahust v\u00f5tab m\u00f6\u00f6bli paigaldamise protsess keskmiselt 1-3 t\u00f6\u00f6p\u00e4eva. <\/p>\n\t\t\t\t\t\t\t<div class=\"spacer-single-10\"><\/div>\n\t\t        <img loading=\"lazy\" decoding=\"async\" width=\"500\" height=\"321\" src=\"https:\/\/kitchenproff.ee\/wp-content\/uploads\/2020\/03\/M\u00f6\u00f6bli-paigaldus.jpg\" class=\"img-responsive wp-post-image\" alt=\"\" srcset=\"https:\/\/kitchenproff.ee\/wp-content\/uploads\/2020\/03\/M\u00f6\u00f6bli-paigaldus.jpg 500w, https:\/\/kitchenproff.ee\/wp-content\/uploads\/2020\/03\/M\u00f6\u00f6bli-paigaldus-300x193.jpg 300w\" sizes=\"(max-width: 500px) 100vw, 500px\" \/>\t\t\t\t\t\t\t\t\t\t<div class=\"spacer-single\"><\/div>\t\t\t\n\t\t\t\t<a href=\"https:\/\/kitchenproff.ee\/services\/moobli-paigaldus\/\" class=\"btn-line btn-fullwidth\">View more<\/a>\t\t\n\t\t\t\n\t\t\n\t<\/div>\n\n\t\n\t<div class=\"col-md-4 item\">\n\t\t\n\t\t\t\t\t\n\t\t\t<h3>M\u00f6\u00f6bli projekteerimine<\/h3>\n\t\t\t<p>M\u00f6\u00f6bli tootmise aluseks on projekt.<br \/>\nKoos kliendiga koostame tulevase k\u00f6\u00f6gi projekti. Oluline on \u00f5igesti \u00fchendada kliendi soovid ja meistri visioon tehnilisest aspektist.<\/p>\n\t\t\t\t\t\t\t<div class=\"spacer-single-10\"><\/div>\n\t\t        <img loading=\"lazy\" decoding=\"async\" width=\"500\" height=\"321\" src=\"https:\/\/kitchenproff.ee\/wp-content\/uploads\/2020\/03\/M\u00f6\u00f6bli-projekteerimine.jpg\" class=\"img-responsive wp-post-image\" alt=\"\" srcset=\"https:\/\/kitchenproff.ee\/wp-content\/uploads\/2020\/03\/M\u00f6\u00f6bli-projekteerimine.jpg 500w, https:\/\/kitchenproff.ee\/wp-content\/uploads\/2020\/03\/M\u00f6\u00f6bli-projekteerimine-300x193.jpg 300w\" sizes=\"(max-width: 500px) 100vw, 500px\" \/>\t\t\t\t\t\t\t\t\t\t<div class=\"spacer-single\"><\/div>\t\t\t\n\t\t\t\t<a href=\"https:\/\/kitchenproff.ee\/services\/moobli-projekteerimine\/\" class=\"btn-line btn-fullwidth\">View more<\/a>\t\t\n\t\t\t\n\t\t\n\t<\/div>\n\n\t\n\t<div class=\"col-md-4 item\">\n\t\t\n\t\t\t\t\t\n\t\t\t<h3>M\u00f6\u00f6bli tootmine<\/h3>\n\t\t\t<p>Kitchen Proff O\u00dc on korpusm\u00f6\u00f6bli tootja ilma vahendajateta.<br \/>\nTootmistsehh on varustatud kaasaegsete puidut\u00f6\u00f6tlemise seadmetega Altendorf (Saksamaa).<\/p>\n\t\t\t\t\t\t\t<div class=\"spacer-single-10\"><\/div>\n\t\t        <img loading=\"lazy\" decoding=\"async\" width=\"500\" height=\"321\" src=\"https:\/\/kitchenproff.ee\/wp-content\/uploads\/2020\/03\/M\u00f6\u00f6bli-tootmine.jpg\" class=\"img-responsive wp-post-image\" alt=\"\" srcset=\"https:\/\/kitchenproff.ee\/wp-content\/uploads\/2020\/03\/M\u00f6\u00f6bli-tootmine.jpg 500w, https:\/\/kitchenproff.ee\/wp-content\/uploads\/2020\/03\/M\u00f6\u00f6bli-tootmine-300x193.jpg 300w\" sizes=\"(max-width: 500px) 100vw, 500px\" \/>\t\t\t\t\t\t\t\t\t\t<div class=\"spacer-single\"><\/div>\t\t\t\n\t\t\t\t<a href=\"https:\/\/kitchenproff.ee\/services\/moobli-tootmine\/\" class=\"btn-line btn-fullwidth\">View more<\/a>\t\t\n\t\t\t\n\t\t\n\t<\/div>\n\n\t\n\t<div class=\"col-md-4 item\">\n\t\t\n\t\t\t\t\t\n\t\t\t<h3>K\u00f6\u00f6gim\u00f6\u00f6bel<\/h3>\n\t\t\t<p>Klassika, modern, minimalism, Skandinaavia stiil, Hi-Tech, etno-stiil, kombineeritud stiil. Personaalne l\u00e4henemine, arvestame k\u00f5igi kliendi soovidega. Spetsialistide meeskond teostab igasuguse keerukusega projekti.<\/p>\n\t\t\t\t\t\t\t<div class=\"spacer-single-10\"><\/div>\n\t\t        <img loading=\"lazy\" decoding=\"async\" width=\"500\" height=\"321\" src=\"https:\/\/kitchenproff.ee\/wp-content\/uploads\/2019\/08\/home-1-1.png\" class=\"img-responsive wp-post-image\" alt=\"\" srcset=\"https:\/\/kitchenproff.ee\/wp-content\/uploads\/2019\/08\/home-1-1.png 500w, https:\/\/kitchenproff.ee\/wp-content\/uploads\/2019\/08\/home-1-1-300x193.png 300w\" sizes=\"(max-width: 500px) 100vw, 500px\" \/>\t\t\t\t\t\t\t\t\t\t<div class=\"spacer-single\"><\/div>\t\t\t\n\t\t\t\t<a href=\"https:\/\/kitchenproff.ee\/services\/koogimoobel\/\" class=\"btn-line btn-fullwidth\">View more<\/a>\t\t\n\t\t\t\n\t\t\n\t<\/div>\n\n\t\n\t<div class=\"col-md-4 item\">\n\t\t\n\t\t\t\t\t\n\t\t\t<h3>Garderoobim\u00f6\u00f6bel<\/h3>\n\t\t\t<p>Valmistame garderoobid, riietusruumid, riidekapid. Lai materjalivalik igale maitsele.<\/p>\n<p>Meie meistrite suur kogemus aitab Teil praktiliselt ja funktsionaalselt paigutada k\u00f5ik vajalikud asjad.<\/p>\n\t\t\t\t\t\t\t<div class=\"spacer-single-10\"><\/div>\n\t\t        <img loading=\"lazy\" decoding=\"async\" width=\"500\" height=\"321\" src=\"https:\/\/kitchenproff.ee\/wp-content\/uploads\/2019\/08\/home-2.png\" class=\"img-responsive wp-post-image\" alt=\"\" srcset=\"https:\/\/kitchenproff.ee\/wp-content\/uploads\/2019\/08\/home-2.png 500w, https:\/\/kitchenproff.ee\/wp-content\/uploads\/2019\/08\/home-2-300x193.png 300w\" sizes=\"(max-width: 500px) 100vw, 500px\" \/>\t\t\t\t\t\t\t\t\t\t<div class=\"spacer-single\"><\/div>\t\t\t\n\t\t\t\t<a href=\"https:\/\/kitchenproff.ee\/services\/garderoobimoobel\/\" class=\"btn-line btn-fullwidth\">View more<\/a>\t\t\n\t\t\t\n\t\t\n\t<\/div>\n\n\t\t\n<\/div>\t\n\n[\/vc_column][\/vc_row][vc_row el_class=&#8221;call-to-action bg-color dark text-center&#8221; css=&#8221;.vc_custom_1453975666551{padding-top: 60px !important;padding-bottom: 60px !important;}&#8221;][vc_column]\t\t\t\n\n\t\t\t<a href=\"\/en\/how-to-order\/\" target=\"_self\" class=\"btn btn-line-black btn-big  \">Send inquiry<\/a>\n\t    \n[\/vc_column][\/vc_row]<\/p>\n","protected":false},"excerpt":{"rendered":"<p>[vc_row css=&#8221;.vc_custom_1453975735934{padding-top: 90px !important;padding-bottom: 30px !important;}&#8221;][vc_column][\/vc_column][\/vc_row][vc_row el_class=&#8221;call-to-action bg-color dark text-center&#8221; css=&#8221;.vc_custom_1453975666551{padding-top: 60px !important;padding-bottom: 60px !important;}&#8221;][vc_column][\/vc_column][\/vc_row]<\/p>\n","protected":false},"author":1,"featured_media":0,"parent":0,"menu_order":0,"comment_status":"closed","ping_status":"closed","template":"page-templates\/template-fullwidth.php","meta":{"_monsterinsights_skip_tracking":false,"_monsterinsights_sitenote_active":false,"_monsterinsights_sitenote_note":"","_monsterinsights_sitenote_category":0,"footnotes":""},"yst_prominent_words":[],"_links":{"self":[{"href":"https:\/\/kitchenproff.ee\/en\/wp-json\/wp\/v2\/pages\/2070\/"}],"collection":[{"href":"https:\/\/kitchenproff.ee\/en\/wp-json\/wp\/v2\/pages\/"}],"about":[{"href":"https:\/\/kitchenproff.ee\/en\/wp-json\/wp\/v2\/types\/page\/"}],"author":[{"embeddable":true,"href":"https:\/\/kitchenproff.ee\/en\/wp-json\/wp\/v2\/users\/1\/"}],"replies":[{"embeddable":true,"href":"https:\/\/kitchenproff.ee\/en\/wp-json\/wp\/v2\/comments\/?post=2070"}],"version-history":[{"count":5,"href":"https:\/\/kitchenproff.ee\/en\/wp-json\/wp\/v2\/pages\/2070\/revisions\/"}],"predecessor-version":[{"id":2346,"href":"https:\/\/kitchenproff.ee\/en\/wp-json\/wp\/v2\/pages\/2070\/revisions\/2346\/"}],"wp:attachment":[{"href":"https:\/\/kitchenproff.ee\/en\/wp-json\/wp\/v2\/media\/?parent=2070"}],"wp:term":[{"taxonomy":"yst_prominent_words","embeddable":true,"href":"https:\/\/kitchenproff.ee\/en\/wp-json\/wp\/v2\/yst_prominent_words\/?post=2070"}],"curies":[{"name":"wp","href":"https:\/\/api.w.org\/{rel}","templated":true}]}}